{"id":331,"date":"2023-05-22T17:57:32","date_gmt":"2023-05-22T17:57:32","guid":{"rendered":"https:\/\/t-m.lawyer\/?page_id=331"},"modified":"2025-12-12T16:43:18","modified_gmt":"2025-12-12T16:43:18","slug":"kanzlei-fuer-gewerblichen-rechtsschutz-5","status":"publish","type":"page","link":"https:\/\/t-m.lawyer\/","title":{"rendered":"Kanzlei f\u00fcr Gewerblichen Rechtsschutz"},"content":{"rendered":"\n<figure class=\"wp-block-image\"><img decoding=\"async\" src=\"https:\/\/t-m.lawyer\/wp-content\/uploads\/2022\/08\/pirat.png\" alt=\"\"\/><\/figure>\n\n\n\n<p>Ich bin seit 1997 als Rechtsanwalt insbesondere im Gewerblichen Rechtsschutz (im Englischen Intellectual Property, kurz: IP), speziell im Markenrecht und Wettbewerbsrecht, sowie im Urheberrecht t\u00e4tig. Seit 2007 auch als Fachanwalt f\u00fcr Gewerblichen Rechtsschutz.<\/p>\n\n\n\n<p>Ich vertrete grunds\u00e4tzlich sowohl Schutzrechtsinhaber als auch \u2013 oftmals zu Unrecht der Rechtsverletzung bezichtigte Personen und Unternehmen \u2013 und kenne daher die Strategien und Reaktionsm\u00f6glichkeiten beider Seiten.<\/p>\n\n\n\n<h2 class=\"wp-block-heading\">Spezialisierung<\/h2>\n\n\n\n<p>\u201cIch wei\u00df, dass ich nicht wei\u00df\u201d (Sokrates nach Platon) oder anders ausgedr\u00fcckt: Niemand kann alles wissen. Die stetig zunehmende Komplexit\u00e4t des Rechts verlangt daher nach einer konsequenten Spezialisierung. Ich bin seit 1997 vornehmlich in folgenden Rechtsgebieten t\u00e4tig:\u00a0<\/p>\n\n\n\n<ul class=\"wp-block-list\">\n<li>Gewerblicher Rechtsschutz (<a href=\"http:\/\/tmlaw.de\/\" target=\"_blank\" rel=\"noreferrer noopener\">Markenrecht<\/a>&nbsp;und Recht der sonstigen Kennzeichen (MarkenG); Recht gegen den unlauteren Wettbewerb (UWG); Patentrecht (PatG), Gebrauchsmusterrecht (GebrMG), Designrecht (DesignG) [bis zum 01.01.2014 Geschmacksmusterrecht (GeschmMG)] und Sortenschutzrecht (SortSchG))<\/li>\n\n\n\n<li>Urheberrecht (UrhG)<\/li>\n\n\n\n<li>Computer- und Internetrecht<\/li>\n\n\n\n<li>Presserecht und Meinungs\u00e4u\u00dferungsrecht<\/li>\n\n\n\n<li><a href=\"https:\/\/tankstellenrecht.info\/\" target=\"_blank\" rel=\"noreferrer noopener\">Tankstellenrecht<\/a><\/li>\n<\/ul>\n\n\n\n<p>Die Schwerpunkte meiner T\u00e4tigkeit liegen im Gewerblichen Rechtsschutz und Urheberrecht einschlie\u00dflich \u00fcberschneidender Rechtsgebiete wie z. B. dem Arbeitsrecht mit dem Arbeitnehmererfinderrecht.<\/p>\n\n\n\n<p>Im Kennzeichenrecht geht es zumeist um die Entwicklung und Umsetzung von Strategien f\u00fcr Schutzrechte und deren Durchsetzung oder die Abwehr von Abmahnungen, einstweiligen Verf\u00fcgungen und Klagen.<\/p>\n\n\n\n<p>Ferner bin ich seit Beginn meiner T\u00e4tigkeit auch intensiv im Tankstellenrecht t\u00e4tig, wo auch viele \u00dcberschneidungen zum Gewerblichen Rechtsschutz existieren, z.B. in Bezug auf das Kartellrecht und die Kennzeichen der Mineral\u00f6lgesellschaften. Insoweit verweise ich auf meine diesbez\u00fcglichen&nbsp;<a href=\"http:\/\/tankstellenrecht.info\/\" target=\"_blank\" rel=\"noreferrer noopener\">Internetseiten<\/a>.&nbsp;<\/p>\n\n\n\n<h2 class=\"wp-block-heading\">Kennzeichen<\/h2>\n\n\n\n<p>Erfolgreiche Produkte und deren Marken werden gerne kopiert. Dies kann jedoch nicht nur zivilrechtliche Folgen haben, sondern auch strafrechtliche Konsequenzen nach sich ziehen und zwar auch f\u00fcr den K\u00e4ufer, worauf der&nbsp;<a href=\"https:\/\/www.agenziadoganemonopoli.gov.it\/portale\/en\/web\/guest\/home-english\" target=\"_blank\" rel=\"noreferrer noopener\">Italienische Zoll<\/a>&nbsp;mit einer Kampagne hinweist, die ich auf dem Flughafen in Rom entdeckt habe:<\/p>\n\n\n\n<figure class=\"wp-block-image\"><img decoding=\"async\" src=\"https:\/\/t-m.lawyer\/wp-content\/uploads\/2022\/08\/krokodil-1024x727.png\" alt=\"\"\/><\/figure>\n\n\n\n<p>Speziell zum Markenrecht unterhalte ich eine eigene&nbsp;<a href=\"http:\/\/tmlaw.de\/\" target=\"_blank\" rel=\"noreferrer noopener\">Internetseite<\/a>&nbsp;(die derzeit \u00fcberarbeitet wird) mit weiterf\u00fchrenden Informationen.<\/p>\n\n\n\n<h2 class=\"wp-block-heading\">ZV \/ Inkasso<\/h2>\n\n\n\n<p>Der \u00dcberpr\u00fcfung der Einhaltung erzielter Vertragsstrafeversprechen und Vergleiche sollte ebensoviel Aufmerksamkeit gewidmet werden wie der Durchsetzung erwirkter Urteile, Kostenfestsetzungsbeschl\u00fcsse, Vollstreckungsbescheide und sonstiger Titel.<\/p>\n\n\n\n<p>Im Rahmen der Zwangsvollstreckung gilt es kreativ und hartn\u00e4ckig zu sein und die M\u00f6glichkeiten der Zivilprozessordnung voll auszusch\u00f6pfen. Denn was ist der sch\u00f6nste Prozesserfolg wert, wenn die erfolgreiche Partei ihre Kosten sp\u00e4ter nicht von der Gegenseite ersetzt erh\u00e4lt?<\/p>\n\n\n\n<p>Bei mir ist auch das Inkasso \u201eChefsache\u201c. Gerne beantrage ich daher pers\u00f6nlich auch die Zwangsvollstreckung Ihrer bereits anderweitig erstrittenen Titel.<\/p>\n\n\n\n<h2 class=\"wp-block-heading\">Netzwerk<\/h2>\n\n\n\n<p>Als \u00fcberzeugter Einzelanwalt arbeite ich seit jeher eng und vertrauensvoll mit Kolleginnen und Kollegen verschiedenster Fachrichtungen zusammen und nutze deren Expertise f\u00fcr meine Mandanten ebenso wie ich umgekehrt f\u00fcr andere Rechtsanw\u00e4ltinnen und Rechtsanw\u00e4lte, auch in Rechtsabteilungen von Unternehmen, im Einzelfall oder regelm\u00e4\u00dfig unterst\u00fctzend t\u00e4tig bin. Wenn Sie an einer solchen Kooperation interessiert sind, sprechen Sie mich gerne an und testen Sie mich.<\/p>\n","protected":false},"excerpt":{"rendered":"<p>Ich bin seit 1997 als Rechtsanwalt insbesondere im Gewerblichen Rechtsschutz (im Englischen Intellectual Property, kurz: IP), speziell im Markenrecht und Wettbewerbsrecht, sowie im Urheberrecht t\u00e4tig. Seit 2007 auch als Fachanwalt f\u00fcr Gewerblichen Rechtsschutz. Ich vertrete grunds\u00e4tzlich sowohl Schutzrechtsinhaber als auch \u2013 oftmals zu Unrecht der Rechtsverletzung bezichtigte Personen und Unternehmen \u2013 und kenne daher die [&hellip;]<\/p>\n","protected":false},"author":1,"featured_media":0,"parent":0,"menu_order":0,"comment_status":"closed","ping_status":"closed","template":"","meta":{"footnotes":""},"class_list":["post-331","page","type-page","status-publish","hentry"],"_links":{"self":[{"href":"https:\/\/t-m.lawyer\/index.php?rest_route=\/wp\/v2\/pages\/331","targetHints":{"allow":["GET"]}}],"collection":[{"href":"https:\/\/t-m.lawyer\/index.php?rest_route=\/wp\/v2\/pages"}],"about":[{"href":"https:\/\/t-m.lawyer\/index.php?rest_route=\/wp\/v2\/types\/page"}],"author":[{"embeddable":true,"href":"https:\/\/t-m.lawyer\/index.php?rest_route=\/wp\/v2\/users\/1"}],"replies":[{"embeddable":true,"href":"https:\/\/t-m.lawyer\/index.php?rest_route=%2Fwp%2Fv2%2Fcomments&post=331"}],"version-history":[{"count":5,"href":"https:\/\/t-m.lawyer\/index.php?rest_route=\/wp\/v2\/pages\/331\/revisions"}],"predecessor-version":[{"id":348,"href":"https:\/\/t-m.lawyer\/index.php?rest_route=\/wp\/v2\/pages\/331\/revisions\/348"}],"wp:attachment":[{"href":"https:\/\/t-m.lawyer\/index.php?rest_route=%2Fwp%2Fv2%2Fmedia&parent=331"}],"curies":[{"name":"wp","href":"https:\/\/api.w.org\/{rel}","templated":true}]}}