{"id":3,"date":"2022-08-11T14:35:28","date_gmt":"2022-08-11T14:35:28","guid":{"rendered":"https:\/\/t-m.lawyer\/?page_id=3"},"modified":"2023-05-22T16:13:42","modified_gmt":"2023-05-22T16:13:42","slug":"kanzlei-fuer-gewerblichen-rechtsschutz-3","status":"publish","type":"page","link":"https:\/\/t-m.lawyer\/?page_id=3","title":{"rendered":"Datenschutzerkl\u00e4rung"},"content":{"rendered":"\n<h2 class=\"wp-block-heading\">Datenschutzerkl\u00e4rung<\/h2>\n\n\n<p>Rechtsanwalt<br>Torsten Becker<br>Alsterkamp 32 e<br>20149 Hamburg<br>Bundesrepublik Deutschland<\/p>\n\n\n<p><br>Sie k\u00f6nnen meine Internetseiten grunds\u00e4tzlich besuchen, ohne Angaben zu Ihrer Person zu machen. Personenbezogene Daten werden von mir nur erhoben, wenn Sie mir diese von sich aus mitteilen.<br><br>Bei jedem Aufruf meiner Internetseiten durch einen Nutzer werden jedoch automatisch Informationen in Protokolldateien gespeichert. Diese enthalten Informationen z.B. \u00fcber den Browsertyp und die verwendete Version, das Betriebssystem, den Internet-Service Provider sowie die IP-Adresse des Nutzers, Datum und Uhrzeit des Zugriffs, Webseiten, von denen das System des Nutzers auf meine Internetseite gelangt (Referrer) und Webseiten, die vom System des Nutzers \u00fcber meine Webseite aufgerufen werden. Die Verarbeitung der Daten dient zur Auslieferung der Inhalte meiner Internetseite, zur Gew\u00e4hrleistung der Funktionsf\u00e4higkeit meiner informationstechnischen Systeme und der Optimierung meiner Internetseite. Die Daten der Logfiles werden dabei stets getrennt von anderen personenbezogenen Daten der Nutzer gespeichert. Diese Daten sind nicht personenbezogen und lassen keine R\u00fcckschl\u00fcsse auf die konkrete Person zu. Eine Zusammenf\u00fchrung mit anderen Datenquellen wird nicht durchgef\u00fchrt. Sie werden nicht an Dritte weitergegeben und nach einer statistischen Auswertung gel\u00f6scht.<br><br>Diese Internetseiten benutzten keine Analyse-Tools und Cookies.<br><br>Personenbezogene Daten wie zum Beispiel Name, Geburtsdatum, Anschrift, Telefonnummer und E-Mail-Adresse werden nur erfasst, wenn Sie diese Angaben freiwillig, etwa pers\u00f6nlich oder per Telefon, E-Mail oder Briefpost, machen. Diese Daten dienen allein der Bearbeitung des Mandants oder der Kontaktaufnahme mit Ihnen und werden ausschlie\u00dflich f\u00fcr diese Zwecke genutzt. Eine Weitergabe der \u00fcbermittelten Daten an Dritte erfolgt nicht, sofern nicht die Bearbeitung des Mandants dies zwingend erfordert.<br><br>Ich verarbeite und speichere personenbezogene Daten der betroffenen Person nur solange, wie dies zur Erreichung des Speicherungszwecks erforderlich ist. Eine Speicherung kann dar\u00fcber hinaus dann erfolgen, soweit dies durch den europ\u00e4ischen oder nationalen Gesetzgeber in unionsrechtlichen Verordnungen, Gesetzen oder sonstigen Vorschriften, denen der f\u00fcr die Verarbeitung verantwortliche unterliegt, vorgesehen wurde. Soweit die \u00fcbermittelten Daten mandatsbezogen sind, werden diese von mir gespeichert und sowohl meiner \u201cHandakte\u201d i.S.d. \u00a7 50 BRAO als auch der von mir verwendeten Kanzlei-EDV zugef\u00fcgt. Handakten m\u00fcssen mindestens sechs Jahre lang aufbewahrt werden. Die Frist beginnt mit Ablauf des Kalenderjahres, in dem der Auftrag beendet wurde. Eine Aufbewahrung aus handels- oder steuerrechtlichen Gr\u00fcnden erfolgt f\u00fcr 10 Jahre gem\u00e4\u00df \u00a7\u00a7 147 Abs. 1 Nr. 1, 4 und 4a, Abs. 3 AO, 257 Abs. 1 Nr. 1 und 4, Abs. 4 HGB (B\u00fccher, Aufzeichnungen, Lageberichte, Buchungsbelege, Handelsb\u00fccher, f\u00fcr Besteuerung relevanter Unterlagen, etc.) oder f\u00fcr 6 Jahre gem\u00e4\u00df \u00a7\u00a7 147 Abs. 1 Nr. 2, 3 und 5, Abs. 3 AO, 257 Abs. 1 Nr. 2 und 3, Abs. 4 HGB (Handelsbriefe). Sobald der Speicherungszweck entf\u00e4llt oder eine durch die genannten Vorschriften vorgeschriebene Speicherfrist abl\u00e4uft, werden die personenbezogenen Daten routinem\u00e4\u00dfig gesperrt oder gel\u00f6scht..<br><br>Nicht verschl\u00fcsselte E-Mails sind m\u00f6glicher Weise nicht oder nicht hinreichend vor der unbefugten Kenntnisnahme durch Dritte gesch\u00fctzt. Ich benutze eine S\/MIME Verschl\u00fcsselung. Bei Bedarf sende ich Ihnen meinen \u00f6ffentlichen Schl\u00fcssel gerne zu.<br><br>Meine Internetseiten enthalten zum Teil Links zu anderen Seiten. Ich bin weder f\u00fcr den Umgang mit vertraulichen Daten noch f\u00fcr den Inhalt dieser Seiten verantwortlich. Ich empfehlen daher, die Datenschutzerkl\u00e4rungen dieser Seiten aufmerksam zu lesen, da diese von meiner Datenschutzerkl\u00e4rung abweichen k\u00f6nnen.<br>&nbsp;<\/p>\n\n\n<p><strong>Rechte der betroffenen Person<\/strong><br><br>Werden personenbezogene Daten von Ihnen durch mich verarbeitet, sind Sie Betroffener im Sinne der Datenschutz-Grundverordnung (DS-GVO) und es stehen Ihnen mir gegen\u00fcber als Verantwortlichem folgende Rechte zu:<br>&nbsp;<\/p>\n\n\n<p><strong>1. Auskunftsrecht<\/strong><br><br>Sie k\u00f6nnen von dem Verantwortlichen eine Best\u00e4tigung dar\u00fcber verlangen, ob personenbezogene Daten, die Sie betreffen, von mir verarbeitet werden.<br><br>Liegt eine solche Verarbeitung vor, k\u00f6nnen Sie von dem Verantwortlichen \u00fcber folgende Informationen Auskunft verlangen:<br><br>a. die Zwecke, zu denen die personenbezogenen Daten verarbeitet werden;<br><br>b. die Kategorien von personenbezogenen Daten, welche verarbeitet werden;<br><br>c. die Empf\u00e4nger bzw. die Kategorien von Empf\u00e4ngern, gegen\u00fcber denen die Sie betreffenden personenbezogenen Daten offengelegt wurden oder noch offengelegt werden;<br><br>d. die geplante Dauer der Speicherung der Sie betreffenden personenbezogenen Daten oder, falls konkrete Angaben hierzu nicht m\u00f6glich sind, Kriterien f\u00fcr die Festlegung der Speicherdauer;<br><br>e. das Bestehen eines Rechts auf Berichtigung oder L\u00f6schung der Sie betreffenden personenbezogenen Daten, eines Rechts auf Einschr\u00e4nkung der Verarbeitung durch den Verantwortlichen oder eines Widerspruchsrechts gegen diese Verarbeitung;<br><br>f. das Bestehen eines Beschwerderechts bei einer Aufsichtsbeh\u00f6rde;<br><br>g. alle verf\u00fcgbaren Informationen \u00fcber die Herkunft der Daten, wenn die personenbezogenen Daten nicht bei der betroffenen Person erhoben werden;<br><br>h. das Bestehen einer automatisierten Entscheidungsfindung einschlie\u00dflich Profiling gem\u00e4\u00df Art. 22 Abs. 1 und 4 DS-GVO und \u2013 zumindest in diesen F\u00e4llen \u2013 aussagekr\u00e4ftige Informationen \u00fcber die involvierte Logik sowie die Tragweite und die angestrebten Auswirkungen einer derartigen Verarbeitung f\u00fcr die betroffene Person.<\/p>\n\n\n<p><br>Ihnen steht das Recht zu, Auskunft dar\u00fcber zu verlangen, ob die Sie betreffenden personenbezogenen Daten in ein Drittland oder an eine internationale Organisation \u00fcbermittelt werden. In diesem Zusammenhang k\u00f6nnen Sie verlangen, \u00fcber die geeigneten Garantien gem. Art. 46 DS-GVO im Zusammenhang mit der \u00dcbermittlung unterrichtet zu werden.<br>&nbsp;<\/p>\n\n\n<p><strong>2. Recht auf Berichtigung<\/strong><br><br>Sie haben ein Recht auf Berichtigung und\/oder Vervollst\u00e4ndigung gegen\u00fcber dem Verantwortlichen, sofern die verarbeiteten personenbezogenen Daten, die Sie betreffen, unrichtig oder unvollst\u00e4ndig sind. Der Verantwortliche hat die Berichtigung unverz\u00fcglich vorzunehmen.<br>&nbsp;<\/p>\n\n\n<p><strong>3. Recht auf Einschr\u00e4nkung der Verarbeitung<\/strong><br><br>Unter den folgenden Voraussetzungen k\u00f6nnen Sie die Einschr\u00e4nkung der Verarbeitung der Sie betreffenden personenbezogenen Daten verlangen:<br><br>a. wenn Sie die Richtigkeit der Sie betreffenden personenbezogenen f\u00fcr eine Dauer bestreiten, die es dem Verantwortlichen erm\u00f6glicht, die Richtigkeit der personenbezogenen Daten zu \u00fcberpr\u00fcfen;<br><br>b. die Verarbeitung unrechtm\u00e4\u00dfig ist und Sie die L\u00f6schung der personenbezogenen Daten ablehnen und stattdessen die Einschr\u00e4nkung der Nutzung der personenbezogenen Daten verlangen;<br><br>c. der Verantwortliche die personenbezogenen Daten f\u00fcr die Zwecke der Verarbeitung nicht l\u00e4nger ben\u00f6tigt, Sie diese jedoch zur Geltendmachung, Aus\u00fcbung oder Verteidigung von Rechtsanspr\u00fcchen ben\u00f6tigen, oder<br><br>d. wenn Sie Widerspruch gegen die Verarbeitung gem\u00e4\u00df Art. 21 Abs. 1 DS-GVO eingelegt haben und noch nicht feststeht, ob die berechtigten Gr\u00fcnde des Verantwortlichen gegen\u00fcber Ihren Gr\u00fcnden \u00fcberwiegen.<br><br>Wurde die Verarbeitung der Sie betreffenden personenbezogenen Daten eingeschr\u00e4nkt, d\u00fcrfen diese Daten \u2013 von ihrer Speicherung abgesehen \u2013 nur mit Ihrer Einwilligung oder zur Geltendmachung, Aus\u00fcbung oder Verteidigung von Rechtsanspr\u00fcchen oder zum Schutz der Rechte einer anderen nat\u00fcrlichen oder juristischen Person oder aus Gr\u00fcnden eines wichtigen \u00f6ffentlichen Interesses der Union oder eines Mitgliedstaats verarbeitet werden.<br>Wurde die Einschr\u00e4nkung der Verarbeitung nach den o.g. Voraussetzungen eingeschr\u00e4nkt, werden Sie von dem Verantwortlichen unterrichtet bevor die Einschr\u00e4nkung aufgehoben wird.<br>&nbsp;<\/p>\n\n\n<p><strong>4. Recht auf L\u00f6schung<\/strong><br><br>4.1. Sie k\u00f6nnen von dem Verantwortlichen verlangen, dass die Sie betreffenden personenbezogenen Daten unverz\u00fcglich gel\u00f6scht werden, und der Verantwortliche ist verpflichtet diese Daten unverz\u00fcglich zu l\u00f6schen, sofern einer der folgenden Gr\u00fcnde zutrifft:<br><br>a. Die Sie betreffenden personenbezogenen Daten sind f\u00fcr die Zwecke, f\u00fcr die sie erhoben oder auf sonstige Weise verarbeitet wurden, nicht mehr notwendig.<br><br>b. Sie widerrufen Ihre Einwilligung, auf die sich die Verarbeitung gem. Art. 6 Abs. 1 lit. a oder Art. 9 Abs. 2 lit. a DS-GVO st\u00fctzte, und es fehlt an einer anderweitigen Rechtsgrundlage f\u00fcr die Verarbeitung.<br><br>c. Sie legen gem. Art. 21 Abs. 1 DS-GVO Widerspruch gegen die Verarbeitung ein und es liegen keine vorrangigen berechtigten Gr\u00fcnde f\u00fcr die Verarbeitung vor, oder die Sie legen gem. Art. 21 Abs. 2 DS-GVO Widerspruch gegen die Verarbeitung ein.<br><br>d. Die Sie betreffenden personenbezogenen Daten wurden unrechtm\u00e4\u00dfig verarbeitet.<br><br>e. Die L\u00f6schung der Sie betreffenden personenbezogenen Daten ist zur Erf\u00fcllung einer rechtlichen Verpflichtung nach dem Unionsrecht oder dem Recht der Mitgliedstaaten erforderlich, dem der Verantwortliche unterliegt.<br><br>f. Die Sie betreffenden personenbezogenen Daten wurden in Bezug auf angebotene Dienste der Informationsgesellschaft gem\u00e4\u00df Art. 8 Abs. 1 DS-GVO erhoben.<br><br>4.2. Hat der Verantwortliche die Sie betreffenden personenbezogenen Daten \u00f6ffentlich gemacht und ist er gem. Art. 17 Abs. 1 DS-GVO zu deren L\u00f6schung verpflichtet, so trifft er unter Ber\u00fccksichtigung der verf\u00fcgbaren Technologie und der Implementierungskosten angemessene Ma\u00dfnahmen, auch technischer Art, um f\u00fcr die Datenverarbeitung Verantwortliche, die die personenbezogenen Daten verarbeiten, dar\u00fcber zu informieren, dass Sie als betroffene Person von ihnen die L\u00f6schung aller Links zu diesen personenbezogenen Daten oder von Kopien oder Replikationen dieser personenbezogenen Daten verlangt hat.<br><br>4.3. Das Recht auf L\u00f6schung besteht nicht, soweit die Verarbeitung erforderlich ist<br><br>a. zur Aus\u00fcbung des Rechts auf freie Meinungs\u00e4u\u00dferung und Information;<br><br>b. zur Erf\u00fcllung einer rechtlichen Verpflichtung, die die Verarbeitung nach dem Recht der Union oder der Mitgliedstaaten, dem der Verantwortliche unterliegt, erfordert, oder zur Wahrnehmung einer Aufgabe, die im \u00f6ffentlichen Interesse liegt oder in Aus\u00fcbung \u00f6ffentlicher Gewalt erfolgt, die dem Verantwortlichen \u00fcbertragen wurde;<br><br>c. aus Gr\u00fcnden des \u00f6ffentlichen Interesses im Bereich der \u00f6ffentlichen Gesundheit gem\u00e4\u00df Art. 9 Abs. 2 lit. h und i sowie Art. 9 Ab. 3 DS-GVO;<br><br>d. f\u00fcr im \u00f6ffentlichen Interesse liegende Archivzwecke, wissenschaftliche oder historische Forschungszwecke oder f\u00fcr statistische Zwecke gem. Art. 89 Abs. 1 DS-GVO, soweit das in Abs. 1 genannte Recht voraussichtlich die Verwirklichung der Ziele dieser Verarbeitung unm\u00f6glich macht oder ernsthaft beeintr\u00e4chtigt, oder<br><br>e. zur Geltendmachung, Aus\u00fcbung oder Verteidigung von Rechtsanspr\u00fcchen.<br>&nbsp;<\/p>\n\n\n<p><strong>5. Recht auf Unterrichtung<\/strong><br><br>Haben Sie das Recht auf Berichtigung, L\u00f6schung oder Einschr\u00e4nkung der Verarbeitung gegen\u00fcber dem Verantwortlichen geltend gemacht, ist dieser verpflichtet, allen Empf\u00e4ngern, denen die Sie betreffenden personenbezogenen Daten offengelegt wurden, diese Berichtigung oder L\u00f6schung der Daten oder Einschr\u00e4nkung der Verarbeitung mitzuteilen, es sei denn, dies erweist sich als unm\u00f6glich oder ist mit einem unverh\u00e4ltnism\u00e4\u00dfigen Aufwand verbunden. Ihnen steht gegen\u00fcber dem Verantwortlichen das Recht zu, \u00fcber diese Empf\u00e4nger unterrichtet zu werden.<br>&nbsp;<\/p>\n\n\n<p><strong>6. Recht auf Daten\u00fcbertragbarkeit<\/strong><br><br>Sie haben das das Recht, die Sie betreffenden personenbezogenen Daten, die Sie dem Verantwortlichen bereitgestellt haben, in einem strukturierten, g\u00e4ngigen und maschinenlesbaren Format zu erhalten. Au\u00dferdem haben Sie das Recht diese Daten einem anderen Verantwortlichen ohne Behinderung durch den Verantwortlichen, dem die personenbezogenen Daten bereitgestellt wurden, zu \u00fcbermitteln, sofern<br>a. die Verarbeitung auf einer Einwilligung gem. Art. 6 Abs. 1 lit. a DS-GVO oder Art. 9 Abs. 2 lit. a DS-GVO oder auf einem Vertrag gem. Art. 6 Abs. 1 lit. b DS-GVO beruht und<br>b. die Verarbeitung mithilfe automatisierter Verfahren erfolgt.<br>In Aus\u00fcbung dieses Rechts haben Sie ferner das Recht zu erwirken, dass die Sie betreffenden personenbezogenen Daten direkt von einem Verantwortlichen einem anderen Verantwortlichen \u00fcbermittelt werden, soweit dies technisch machbar ist. Freiheiten und Rechte anderer Personen d\u00fcrfen hierdurch nicht beeintr\u00e4chtigt werden.<br>Das Recht auf Daten\u00fcbertragbarkeit gilt nicht f\u00fcr eine Verarbeitung personenbezogener Daten, die f\u00fcr die Wahrnehmung einer Aufgabe erforderlich ist, die im \u00f6ffentlichen Interesse liegt oder in Aus\u00fcbung \u00f6ffentlicher Gewalt erfolgt, die dem Verantwortlichen \u00fcbertragen wurde.<br>&nbsp;<\/p>\n\n\n<p><strong>7. Widerspruchsrecht<\/strong><br><br>Sie haben das Recht, aus Gr\u00fcnden, die sich aus ihrer besonderen Situation ergeben, jederzeit gegen die Verarbeitung der Sie betreffenden personenbezogenen Daten, die aufgrund von Art. 6 Abs. 1 lit. e oder f DS-GVO erfolgt, Widerspruch einzulegen; dies gilt auch f\u00fcr ein auf diese Bestimmungen gest\u00fctztes Profiling.<br>Der Verantwortliche verarbeitet die Sie betreffenden personenbezogenen Daten nicht mehr, es sei denn, er kann zwingende schutzw\u00fcrdige Gr\u00fcnde f\u00fcr die Verarbeitung nachweisen, die die Ihre Interessen, Rechte und Freiheiten \u00fcberwiegen, oder die Verarbeitung dient der Geltendmachung, Aus\u00fcbung oder Verteidigung von Rechtsanspr\u00fcchen.<br>Werden die Sie betreffenden personenbezogenen Daten verarbeitet, um Direktwerbung zu betreiben, haben Sie das Recht, jederzeit Widerspruch gegen die Verarbeitung der Sie betreffenden personenbezogenen Daten zum Zwecke derartiger Werbung einzulegen; dies gilt auch f\u00fcr das Profiling, soweit es mit solcher Direktwerbung in Verbindung steht.<br>Widersprechen Sie der Verarbeitung f\u00fcr Zwecke der Direktwerbung, so werden die Sie betreffenden personenbezogenen Daten nicht mehr f\u00fcr diese Zwecke verarbeitet.<br>Sie haben die M\u00f6glichkeit, im Zusammenhang mit der Nutzung von Diensten der Informationsgesellschaft \u2013 ungeachtet der Richtlinie 2002\/58\/EG \u2013 Ihr Widerspruchsrecht mittels automatisierter Verfahren auszu\u00fcben, bei denen technische Spezifikationen verwendet werden.<br>&nbsp;<\/p>\n\n\n<p><strong>8. Recht auf Widerruf der datenschutzrechtlichen Einwilligungserkl\u00e4rung<\/strong><br><br>Sie haben das Recht, Ihre datenschutzrechtliche Einwilligungserkl\u00e4rung jederzeit zu widerrufen. Durch den Widerruf der Einwilligung wird die Rechtm\u00e4\u00dfigkeit der aufgrund der Einwilligung bis zum Widerruf erfolgten Verarbeitung nicht ber\u00fchrt.<br>&nbsp;<\/p>\n\n\n<p><strong>9.&nbsp; Automatisierte Entscheidung im Einzelfall einschlie\u00dflich Profiling<\/strong><br><br>Sie haben das Recht, nicht einer ausschlie\u00dflich auf einer automatisierten Verarbeitung \u2013 einschlie\u00dflich Profiling \u2013 beruhenden Entscheidung unterworfen zu werden, die ihr gegen\u00fcber rechtliche Wirkung entfaltet oder sie in \u00e4hnlicher Weise erheblich beeintr\u00e4chtigt. Dies gilt nicht, wenn die Entscheidung<br><br>a. f\u00fcr den Abschluss oder die Erf\u00fcllung eines Vertrags zwischen Ihnen und dem Verantwortlichen erforderlich ist,<br>b. aufgrund von Rechtsvorschriften der Union oder der Mitgliedstaaten, denen der Verantwortliche unterliegt, zul\u00e4ssig ist und diese Rechtsvorschriften angemessene Ma\u00dfnahmen zur Wahrung Ihrer Rechte und Freiheiten sowie Ihrer berechtigten Interessen enthalten oder<br>c. mit Ihrer ausdr\u00fccklichen Einwilligung erfolgt.<br><br>Allerdings d\u00fcrfen diese Entscheidungen nicht auf besonderen Kategorien personenbezogener Daten nach Art. 9 Abs. 1 DS-GVO beruhen, sofern nicht Art. 9 Abs. 2 lit. a oder g gilt und angemessene Ma\u00dfnahmen zum Schutz der Rechte und Freiheiten sowie Ihrer berechtigten Interessen getroffen wurden. Hinsichtlich der in a. und c. genannten F\u00e4lle trifft der Verantwortliche angemessene Ma\u00dfnahmen, um die Rechte und Freiheiten sowie Ihre berechtigten Interessen zu wahren, wozu mindestens das Recht auf Erwirkung des Eingreifens einer Person seitens des Verantwortlichen, auf Darlegung des eigenen Standpunkts und auf Anfechtung der Entscheidung geh\u00f6rt.<\/p>\n\n\n<p><br><strong>10. Recht auf Beschwerde bei einer Aufsichtsbeh\u00f6rde<\/strong><br><br>Unbeschadet eines anderweitigen verwaltungsrechtlichen oder gerichtlichen Rechtsbehelfs steht Ihnen das Recht auf Beschwerde bei einer Aufsichtsbeh\u00f6rde, insbesondere in dem Mitgliedstaat ihres Aufenthaltsorts, ihres Arbeitsplatzes oder des Orts des mutma\u00dflichen Versto\u00dfes, wenn Sie der Ansicht sind, dass die Verarbeitung der Sie betreffenden personenbezogenen Daten gegen die DS-GVO verst\u00f6\u00dft.<br><br>Die Aufsichtsbeh\u00f6rde, bei der die Beschwerde eingereicht wurde, unterrichtet den Beschwerdef\u00fchrer \u00fcber den Stand und die Ergebnisse der Beschwerde einschlie\u00dflich der M\u00f6glichkeit eines gerichtlichen Rechtsbehelfs nach Art. 78 DS-GVO.<br>&nbsp;<\/p>\n\n\n<p><strong>Rechtsgrundlage der Verarbeitung<\/strong><br><br>Soweit ich f\u00fcr Verarbeitungsvorg\u00e4nge personenbezogener Daten eine Einwilligung der betroffenen Person einhole, dient Artikel 6 Absatz 1 lit. a EU-Datenschutzgrundverordnung (DS-GVO) als Rechtsgrundlage. Bei der Verarbeitung von personenbezogenen Daten, die zur Erf\u00fcllung eines Vertrages, dessen Vertragspartei die betroffene Person ist, erforderlich sind, dient Artikel 6 Absatz 1 lit. b DS-GVO als Rechtsgrundlage. Dies gilt auch f\u00fcr Verarbeitungsvorg\u00e4nge, die zur Durchf\u00fchrung vorvertraglicher Ma\u00dfnahmen erforderlich sind. Soweit eine Verarbeitung personenbezogener Daten zur Erf\u00fcllung einer rechtlichen Verpflichtung erforderlich ist, denen mein Unternehmen unterliegt, dient Artikel 6 Absatz 1 lit. c DS-GVO als Rechtsgrundlage. F\u00fcr den Fall, dass lebenswichtige Interessen der betroffenen Person oder einer anderen nat\u00fcrlichen Person eine Verarbeitung personenbezogener Daten erforderlich machen, dient Artikel 6 Absatz 1 lit. d DS-GVO als Rechtsgrundlage. Ist die Verarbeitung zur Wahrung eines berechtigten Interesses meines Unternehmens oder eines Dritten erforderlich und \u00fcberwiegen die Interessen, Grundrechte und Grundfreiheiten des Betroffenen das erstgenannte Interesse nicht, so dient Artikel 6 Absatz 1 lit. f DS-GVO als Rechtsgrundlage f\u00fcr die Verarbeitung. Das berechtige Interesse meines Unternehmens liegt in der Durchf\u00fchrung meiner Gesch\u00e4ftst\u00e4tigkeit.<\/p>\n","protected":false},"excerpt":{"rendered":"<p>Datenschutzerkl\u00e4rung RechtsanwaltTorsten BeckerAlsterkamp 32 e20149 HamburgBundesrepublik Deutschland Sie k\u00f6nnen meine Internetseiten grunds\u00e4tzlich besuchen, ohne Angaben zu Ihrer Person zu machen. Personenbezogene Daten werden von mir nur erhoben, wenn Sie mir diese von sich aus mitteilen. Bei jedem Aufruf meiner Internetseiten durch einen Nutzer werden jedoch automatisch Informationen in Protokolldateien gespeichert. Diese enthalten Informationen z.B. \u00fcber [&hellip;]<\/p>\n","protected":false},"author":1,"featured_media":42,"parent":0,"menu_order":0,"comment_status":"closed","ping_status":"closed","template":"","meta":{"footnotes":""},"class_list":["post-3","page","type-page","status-publish","has-post-thumbnail","hentry"],"_links":{"self":[{"href":"https:\/\/t-m.lawyer\/index.php?rest_route=\/wp\/v2\/pages\/3","targetHints":{"allow":["GET"]}}],"collection":[{"href":"https:\/\/t-m.lawyer\/index.php?rest_route=\/wp\/v2\/pages"}],"about":[{"href":"https:\/\/t-m.lawyer\/index.php?rest_route=\/wp\/v2\/types\/page"}],"author":[{"embeddable":true,"href":"https:\/\/t-m.lawyer\/index.php?rest_route=\/wp\/v2\/users\/1"}],"replies":[{"embeddable":true,"href":"https:\/\/t-m.lawyer\/index.php?rest_route=%2Fwp%2Fv2%2Fcomments&post=3"}],"version-history":[{"count":12,"href":"https:\/\/t-m.lawyer\/index.php?rest_route=\/wp\/v2\/pages\/3\/revisions"}],"predecessor-version":[{"id":194,"href":"https:\/\/t-m.lawyer\/index.php?rest_route=\/wp\/v2\/pages\/3\/revisions\/194"}],"wp:featuredmedia":[{"embeddable":true,"href":"https:\/\/t-m.lawyer\/index.php?rest_route=\/wp\/v2\/media\/42"}],"wp:attachment":[{"href":"https:\/\/t-m.lawyer\/index.php?rest_route=%2Fwp%2Fv2%2Fmedia&parent=3"}],"curies":[{"name":"wp","href":"https:\/\/api.w.org\/{rel}","templated":true}]}}