{"id":11,"date":"2022-08-11T14:24:23","date_gmt":"2022-08-11T14:24:23","guid":{"rendered":"https:\/\/t-m.lawyer\/?page_id=11"},"modified":"2023-05-22T16:14:06","modified_gmt":"2023-05-22T16:14:06","slug":"kanzlei-fuer-gewerblichen-rechtsschutz-4","status":"publish","type":"page","link":"https:\/\/t-m.lawyer\/?page_id=11","title":{"rendered":"Kontakt"},"content":{"rendered":"<p>Rechtsanwalt<br \/>\nTorsten Becker<br \/>\nAlsterkamp 32 e<br \/>\n20149 Hamburg<br \/>\nBundesrepublik Deutschland<br \/>\nUSt-IdNr.: DE183897718<\/p>\n<p><img loading=\"lazy\" decoding=\"async\" class=\"\" src=\"https:\/\/t-m.lawyer\/wp-content\/uploads\/2023\/05\/tb_sw.jpg\" width=\"398\" height=\"596\" \/><\/p>\n<p>Fon: +49-40-27877070<br \/>\nFax: +49-40-27877072<br \/>\nFunk:+49-171-4842796<br \/>\nanwalt (at) trademarx.de<\/p>\n<p>Meine Kanzlei ist verkehrsg\u00fcnstig in der N\u00e4he der Au\u00dfenalster gelegen:<\/p>\n<figure><img loading=\"lazy\" decoding=\"async\" class=\"\" src=\"https:\/\/trademarx.eu\/Anfahrt\/tm-law.png\" alt=\"\" width=\"397\" height=\"541\" \/><\/figure>\n<p><a href=\"https:\/\/www.goyellow.de\/home\/rechtsanwalt-becker-torsten-rechtsanwalt-hamburg--44rs2c.html\" target=\"_blank\" rel=\"noreferrer noopener\">Stadtplan<\/a>\u00a0und Satelitenbild bei GoYellow<\/p>\n<p><a href=\"http:\/\/www.hvv.de\/fp.php?id=6e64591462757c1a3e4482b196ec1289\" target=\"_blank\" rel=\"noreferrer noopener\">HVV<\/a>\u00a0Fahrplanauskunft<\/p>\n","protected":false},"excerpt":{"rendered":"<p>Rechtsanwalt Torsten Becker Alsterkamp 32 e 20149 Hamburg Bundesrepublik Deutschland USt-IdNr.: DE183897718 Fon: +49-40-27877070 Fax: +49-40-27877072 Funk:+49-171-4842796 anwalt (at) trademarx.de Meine Kanzlei ist verkehrsg\u00fcnstig in der N\u00e4he der Au\u00dfenalster gelegen: Stadtplan\u00a0und Satelitenbild bei GoYellow HVV\u00a0Fahrplanauskunft<\/p>\n","protected":false},"author":1,"featured_media":42,"parent":0,"menu_order":0,"comment_status":"closed","ping_status":"closed","template":"","meta":{"footnotes":""},"class_list":["post-11","page","type-page","status-publish","has-post-thumbnail","hentry"],"_links":{"self":[{"href":"https:\/\/t-m.lawyer\/index.php?rest_route=\/wp\/v2\/pages\/11","targetHints":{"allow":["GET"]}}],"collection":[{"href":"https:\/\/t-m.lawyer\/index.php?rest_route=\/wp\/v2\/pages"}],"about":[{"href":"https:\/\/t-m.lawyer\/index.php?rest_route=\/wp\/v2\/types\/page"}],"author":[{"embeddable":true,"href":"https:\/\/t-m.lawyer\/index.php?rest_route=\/wp\/v2\/users\/1"}],"replies":[{"embeddable":true,"href":"https:\/\/t-m.lawyer\/index.php?rest_route=%2Fwp%2Fv2%2Fcomments&post=11"}],"version-history":[{"count":28,"href":"https:\/\/t-m.lawyer\/index.php?rest_route=\/wp\/v2\/pages\/11\/revisions"}],"predecessor-version":[{"id":321,"href":"https:\/\/t-m.lawyer\/index.php?rest_route=\/wp\/v2\/pages\/11\/revisions\/321"}],"wp:featuredmedia":[{"embeddable":true,"href":"https:\/\/t-m.lawyer\/index.php?rest_route=\/wp\/v2\/media\/42"}],"wp:attachment":[{"href":"https:\/\/t-m.lawyer\/index.php?rest_route=%2Fwp%2Fv2%2Fmedia&parent=11"}],"curies":[{"name":"wp","href":"https:\/\/api.w.org\/{rel}","templated":true}]}}